{"id":956,"date":"2025-04-25T06:13:02","date_gmt":"2025-04-25T04:13:02","guid":{"rendered":"https:\/\/projekt.netgraph.eu\/?page_id=956"},"modified":"2025-04-25T06:20:19","modified_gmt":"2025-04-25T04:20:19","slug":"o-nas","status":"publish","type":"page","link":"https:\/\/projekt.netgraph.eu\/?page_id=956","title":{"rendered":"O NAS"},"content":{"rendered":"\t\t<div data-elementor-type=\"wp-page\" data-elementor-id=\"956\" class=\"elementor elementor-956\">\n\t\t\t\t<div class=\"elementor-element elementor-element-8b5dfed e-flex e-con-boxed e-con e-parent\" data-id=\"8b5dfed\" data-element_type=\"container\">\n\t\t\t\t\t<div class=\"e-con-inner\">\n\t\t\t\t<div class=\"elementor-element elementor-element-2a903db elementor-widget elementor-widget-text-editor\" data-id=\"2a903db\" data-element_type=\"widget\" data-widget_type=\"text-editor.default\">\n\t\t\t\t<div class=\"elementor-widget-container\">\n\t\t\t\t\t\t\t\t\t<p style=\"text-align: center;\">Alexa &amp; Fonzy z zespo\u0142em to grupa 6 artystycznych dusz, kt\u00f3rych najwi\u0119ksz\u0105 pasj\u0105 jest muzyka. Jeste\u015bmy zespo\u0142em z wieloletnim do\u015bwiadczeniem scenicznym, wyst\u0119pujemy zar\u00f3wno w Polsce jak i za granic\u0105. Do ka\u017cdej z imprez podchodzimy indywidualnie, wykorzystujemy najwy\u017cszej jako\u015bci nag\u0142o\u015bnienie i o\u015bwietlenie, dbaj\u0105c o ka\u017cdy szczeg\u00f3\u0142.<\/p><p style=\"text-align: center;\">Je\u017celi szukasz zespo\u0142u, kt\u00f3ry nie tylko uczciwie i solidnie swoj\u0105 prac\u0119, ale r\u00f3wnie\u017c zintegruje si\u0119 z go\u015b\u0107mi, na\u0142aduje pozytywn\u0105 energi\u0105 \u201eniejednego sztywniaka\u201d i odda kawa\u0142ek swojego serca to Alexa &amp; Fonzy z zespo\u0142em s\u0105 najlepszym wyborem.<\/p><h3 style=\"text-align: center;\"><strong><em>Mi\u0142o\u015bci do pasji nie da si\u0119 opisa\u0107,<\/em><\/strong><\/h3><h3 style=\"text-align: center;\"><strong><em>zobaczysz j\u0105 bawi\u0105c si\u0119 razem z nami !<\/em><\/strong><\/h3>\t\t\t\t\t\t\t\t<\/div>\n\t\t\t\t<\/div>\n\t\t\t\t\t<\/div>\n\t\t\t\t<\/div>\n\t\t\t\t<\/div>\n\t\t","protected":false},"excerpt":{"rendered":"<p>Alexa &amp; Fonzy z zespo\u0142em to grupa 6 artystycznych dusz, kt\u00f3rych najwi\u0119ksz\u0105 pasj\u0105 jest muzyka. Jeste\u015bmy zespo\u0142em z wieloletnim do\u015bwiadczeniem scenicznym, wyst\u0119pujemy zar\u00f3wno w Polsce jak i za granic\u0105. Do ka\u017cdej z imprez podchodzimy indywidualnie, wykorzystujemy najwy\u017cszej jako\u015bci nag\u0142o\u015bnienie i o\u015bwietlenie, dbaj\u0105c o ka\u017cdy szczeg\u00f3\u0142. Je\u017celi szukasz zespo\u0142u, kt\u00f3ry nie ...<\/p>\n","protected":false},"author":1,"featured_media":0,"parent":0,"menu_order":0,"comment_status":"closed","ping_status":"closed","template":"page-fullwidth.php","meta":{"footnotes":""},"class_list":["post-956","page","type-page","status-publish","hentry"],"_links":{"self":[{"href":"https:\/\/projekt.netgraph.eu\/index.php?rest_route=\/wp\/v2\/pages\/956","targetHints":{"allow":["GET"]}}],"collection":[{"href":"https:\/\/projekt.netgraph.eu\/index.php?rest_route=\/wp\/v2\/pages"}],"about":[{"href":"https:\/\/projekt.netgraph.eu\/index.php?rest_route=\/wp\/v2\/types\/page"}],"author":[{"embeddable":true,"href":"https:\/\/projekt.netgraph.eu\/index.php?rest_route=\/wp\/v2\/users\/1"}],"replies":[{"embeddable":true,"href":"https:\/\/projekt.netgraph.eu\/index.php?rest_route=%2Fwp%2Fv2%2Fcomments&post=956"}],"version-history":[{"count":4,"href":"https:\/\/projekt.netgraph.eu\/index.php?rest_route=\/wp\/v2\/pages\/956\/revisions"}],"predecessor-version":[{"id":961,"href":"https:\/\/projekt.netgraph.eu\/index.php?rest_route=\/wp\/v2\/pages\/956\/revisions\/961"}],"wp:attachment":[{"href":"https:\/\/projekt.netgraph.eu\/index.php?rest_route=%2Fwp%2Fv2%2Fmedia&parent=956"}],"curies":[{"name":"wp","href":"https:\/\/api.w.org\/{rel}","templated":true}]}}