{"id":803,"date":"2024-09-04T11:03:02","date_gmt":"2024-09-04T09:03:02","guid":{"rendered":"https:\/\/projekt.netgraph.eu\/?page_id=803"},"modified":"2024-09-04T11:40:20","modified_gmt":"2024-09-04T09:40:20","slug":"wesela","status":"publish","type":"page","link":"https:\/\/projekt.netgraph.eu\/?page_id=803","title":{"rendered":"WESELA"},"content":{"rendered":"\t\t<div data-elementor-type=\"wp-page\" data-elementor-id=\"803\" class=\"elementor elementor-803\">\n\t\t\t\t<div class=\"elementor-element elementor-element-f458963 e-flex e-con-boxed e-con e-parent\" data-id=\"f458963\" data-element_type=\"container\">\n\t\t\t\t\t<div class=\"e-con-inner\">\n\t\t<div class=\"elementor-element elementor-element-8463abc e-con-full e-flex e-con e-child\" data-id=\"8463abc\" data-element_type=\"container\">\n\t\t\t\t<div class=\"elementor-element elementor-element-6ac54f2 elementor-widget elementor-widget-image\" data-id=\"6ac54f2\" data-element_type=\"widget\" data-widget_type=\"image.default\">\n\t\t\t\t<div class=\"elementor-widget-container\">\n\t\t\t\t\t\t\t\t\t\t\t\t\t\t\t<img fetchpriority=\"high\" decoding=\"async\" width=\"530\" height=\"301\" src=\"https:\/\/projekt.netgraph.eu\/wp-content\/uploads\/2017\/11\/kontakt_alexa_fonzy-kopia-1024x582.jpg\" class=\"attachment-large size-large wp-image-798\" alt=\"\" srcset=\"https:\/\/projekt.netgraph.eu\/wp-content\/uploads\/2017\/11\/kontakt_alexa_fonzy-kopia-1024x582.jpg 1024w, https:\/\/projekt.netgraph.eu\/wp-content\/uploads\/2017\/11\/kontakt_alexa_fonzy-kopia-300x171.jpg 300w, https:\/\/projekt.netgraph.eu\/wp-content\/uploads\/2017\/11\/kontakt_alexa_fonzy-kopia-768x437.jpg 768w, https:\/\/projekt.netgraph.eu\/wp-content\/uploads\/2017\/11\/kontakt_alexa_fonzy-kopia-1536x873.jpg 1536w, https:\/\/projekt.netgraph.eu\/wp-content\/uploads\/2017\/11\/kontakt_alexa_fonzy-kopia-600x341.jpg 600w, https:\/\/projekt.netgraph.eu\/wp-content\/uploads\/2017\/11\/kontakt_alexa_fonzy-kopia.jpg 1900w\" sizes=\"(max-width: 530px) 100vw, 530px\" \/>\t\t\t\t\t\t\t\t\t\t\t\t\t\t\t<\/div>\n\t\t\t\t<\/div>\n\t\t\t\t<\/div>\n\t\t<div class=\"elementor-element elementor-element-daf7075 e-con-full e-flex e-con e-child\" data-id=\"daf7075\" data-element_type=\"container\">\n\t\t\t\t<div class=\"elementor-element elementor-element-0735c13 elementor-widget elementor-widget-text-editor\" data-id=\"0735c13\" data-element_type=\"widget\" data-widget_type=\"text-editor.default\">\n\t\t\t\t<div class=\"elementor-widget-container\">\n\t\t\t\t\t\t\t\t\t<p style=\"text-align: left;\">Alexa &amp; Fonzy z zespo\u0142em to grupa 6 artystycznych dusz, kt\u00f3rych najwi\u0119ksz\u0105 pasj\u0105 jest muzyka. Jeste\u015bmy zespo\u0142em z wieloletnim do\u015bwiadczeniem scenicznym, wyst\u0119pujemy zar\u00f3wno w Polsce jak i za granic\u0105. Do ka\u017cdej z imprez podchodzimy indywidualnie, wykorzystujemy najwy\u017cszej jako\u015bci nag\u0142o\u015bnienie i o\u015bwietlenie, dbaj\u0105c o ka\u017cdy szczeg\u00f3\u0142.<\/p><p style=\"text-align: left;\">Je\u017celi szukasz zespo\u0142u, kt\u00f3ry nie tylko uczciwie i solidnie swoj\u0105 prac\u0119, ale r\u00f3wnie\u017c zintegruje si\u0119 z go\u015b\u0107mi, na\u0142aduje pozytywn\u0105 energi\u0105 \u201eniejednego sztywniaka\u201d i odda kawa\u0142ek swojego serca to Alexa &amp; Fonzy z zespo\u0142em s\u0105 najlepszym wyborem.<\/p><p style=\"text-align: left;\"><strong>Mi\u0142o\u015bci do pasji nie da si\u0119 opisa\u0107,<\/strong><br \/><strong>zobaczysz j\u0105 bawi\u0105c si\u0119 razem z nami !<\/strong><\/p>\t\t\t\t\t\t\t\t<\/div>\n\t\t\t\t<\/div>\n\t\t\t\t<\/div>\n\t\t\t\t\t<\/div>\n\t\t\t\t<\/div>\n\t\t<div class=\"elementor-element elementor-element-13ac513 e-flex e-con-boxed e-con e-parent\" data-id=\"13ac513\" data-element_type=\"container\">\n\t\t\t\t\t<div class=\"e-con-inner\">\n\t\t\t\t\t<\/div>\n\t\t\t\t<\/div>\n\t\t<div class=\"elementor-element elementor-element-149ccdc e-flex e-con-boxed e-con e-parent\" data-id=\"149ccdc\" data-element_type=\"container\">\n\t\t\t\t\t<div class=\"e-con-inner\">\n\t\t<div class=\"elementor-element elementor-element-aadbc79 e-con-full e-flex e-con e-child\" data-id=\"aadbc79\" data-element_type=\"container\">\n\t\t\t\t<div class=\"elementor-element elementor-element-dc9b3ec elementor-widget elementor-widget-text-editor\" data-id=\"dc9b3ec\" data-element_type=\"widget\" data-widget_type=\"text-editor.default\">\n\t\t\t\t<div class=\"elementor-widget-container\">\n\t\t\t\t\t\t\t\t\t<h3 style=\"text-align: center;\"><strong>5 osobowym <\/strong><\/h3><p style=\"text-align: center;\">\u00a0skrzypce elektryczne, klawisze, gitara basowa, gitara elektryczna, perkusja<\/p>\t\t\t\t\t\t\t\t<\/div>\n\t\t\t\t<\/div>\n\t\t\t\t<\/div>\n\t\t<div class=\"elementor-element elementor-element-e48c1ab e-con-full e-flex e-con e-child\" data-id=\"e48c1ab\" data-element_type=\"container\">\n\t\t\t\t<div class=\"elementor-element elementor-element-1097b10 elementor-widget elementor-widget-text-editor\" data-id=\"1097b10\" data-element_type=\"widget\" data-widget_type=\"text-editor.default\">\n\t\t\t\t<div class=\"elementor-widget-container\">\n\t\t\t\t\t\t\t\t\t<h3 style=\"text-align: center;\"><strong>6 osobowym <\/strong><\/h3><p style=\"text-align: center;\">skrzypce elektryczne, klawisze, gitara basowa, gitara elektryczna, perkusja + saksofon<\/p>\t\t\t\t\t\t\t\t<\/div>\n\t\t\t\t<\/div>\n\t\t\t\t<\/div>\n\t\t\t\t\t<\/div>\n\t\t\t\t<\/div>\n\t\t<div class=\"elementor-element elementor-element-0eb79fe e-flex e-con-boxed e-con e-parent\" data-id=\"0eb79fe\" data-element_type=\"container\">\n\t\t\t\t\t<div class=\"e-con-inner\">\n\t\t\t\t\t<\/div>\n\t\t\t\t<\/div>\n\t\t<div class=\"elementor-element elementor-element-5c47f7e e-flex e-con-boxed e-con e-parent\" data-id=\"5c47f7e\" data-element_type=\"container\" data-settings=\"{&quot;background_background&quot;:&quot;gradient&quot;}\">\n\t\t\t\t\t<div class=\"e-con-inner\">\n\t\t<div class=\"elementor-element elementor-element-a269b0f e-con-full e-flex e-con e-child\" data-id=\"a269b0f\" data-element_type=\"container\">\n\t\t\t\t<div class=\"elementor-element elementor-element-6f560c0 elementor-widget elementor-widget-text-editor\" data-id=\"6f560c0\" data-element_type=\"widget\" data-widget_type=\"text-editor.default\">\n\t\t\t\t<div class=\"elementor-widget-container\">\n\t\t\t\t\t\t\t\t\t<p>Pracujemy na o\u015bwietleniu oraz nag\u0142o\u015bnieniu najwy\u017cszej klasy. Jeste\u015bmy w stanie nag\u0142o\u015bni\u0107 imprez\u0119 nawet do 1000 os\u00f3b. Ca\u0142a oprawa d\u017awi\u0119kowa i \u015bwietlna le\u017cy po naszej stronie.<\/p>\t\t\t\t\t\t\t\t<\/div>\n\t\t\t\t<\/div>\n\t\t\t\t<\/div>\n\t\t<div class=\"elementor-element elementor-element-369f579 e-con-full e-flex e-con e-child\" data-id=\"369f579\" data-element_type=\"container\">\n\t\t\t\t<div class=\"elementor-element elementor-element-a342624 elementor-widget elementor-widget-text-editor\" data-id=\"a342624\" data-element_type=\"widget\" data-widget_type=\"text-editor.default\">\n\t\t\t\t<div class=\"elementor-widget-container\">\n\t\t\t\t\t\t\t\t\t<p>Nasz set taneczny trwa zazwyczaj oko\u0142o 45 minut a przerwa 15 minut. Zale\u017cy to w du\u017cej mierze od kuchni i czasu wydawania posi\u0142k\u00f3w. Je\u017celi przerwa si\u0119 wyd\u0142u\u017ca to blok taneczny r\u00f3wnie\u017c \ud83d\ude0a W przerwach opr\u00f3cz muzyki w tle, czas umili Wam nasza skrzypaczka i gitarzysta w utworach akustycznych.<\/p>\t\t\t\t\t\t\t\t<\/div>\n\t\t\t\t<\/div>\n\t\t\t\t<\/div>\n\t\t<div class=\"elementor-element elementor-element-3bfe335 e-con-full e-flex e-con e-child\" data-id=\"3bfe335\" data-element_type=\"container\">\n\t\t\t\t<div class=\"elementor-element elementor-element-8e93d35 elementor-widget elementor-widget-text-editor\" data-id=\"8e93d35\" data-element_type=\"widget\" data-widget_type=\"text-editor.default\">\n\t\t\t\t<div class=\"elementor-widget-container\">\n\t\t\t\t\t\t\t\t\t<p>Nasz repertuar jest bardzo zr\u00f3\u017cnicowany, tak aby ka\u017cdy m\u00f3g\u0142 znale\u017a\u0107 co\u015b dla siebie. Gramy muzyk\u0119 z lat 80-90, rock, pop, disco polo, folk i najnowsze hity radiowe. Nasz repertuar staramy si\u0119 na bie\u017c\u0105co aktualizowa\u0107 i urozmaica\u0107. Podczas wesela mo\u017cecie liczy\u0107 na nasze taneczne integracje z go\u015b\u0107mi na parkiecie oraz instrumentalne show skrzypiec i saksofonu.<\/p>\t\t\t\t\t\t\t\t<\/div>\n\t\t\t\t<\/div>\n\t\t\t\t<\/div>\n\t\t<div class=\"elementor-element elementor-element-de9bc9a e-con-full e-flex e-con e-child\" data-id=\"de9bc9a\" data-element_type=\"container\">\n\t\t\t\t<div class=\"elementor-element elementor-element-a2e8f32 elementor-widget elementor-widget-text-editor\" data-id=\"a2e8f32\" data-element_type=\"widget\" data-widget_type=\"text-editor.default\">\n\t\t\t\t<div class=\"elementor-widget-container\">\n\t\t\t\t\t\t\t\t\t<p>Podczas oprawy muzycznej wesela nieod\u0142\u0105cznym elementem jest biesiada za sto\u0142ami z go\u015b\u0107mi weselnymi. W trakcie biesiady \u015bpiewamy klasyczne, wszystkim znane utwory ( takie jak : Miesi\u0105ce, Sz\u0142a Dzieweczka, Hej z G\u00f3ry, Hej Soko\u0142y, Kalina Malina, Gdybym mia\u0142 gitar\u0119 ). Gramy na takich instrumentach jak : akordeon, skrzypce akustyczne, b\u0119ben i saksofon ( w przypadku sk\u0142adu 6 osobowego).<\/p>\t\t\t\t\t\t\t\t<\/div>\n\t\t\t\t<\/div>\n\t\t\t\t<\/div>\n\t\t\t\t\t<\/div>\n\t\t\t\t<\/div>\n\t\t<div class=\"elementor-element elementor-element-a282526 e-flex e-con-boxed e-con e-parent\" data-id=\"a282526\" data-element_type=\"container\">\n\t\t\t\t\t<div class=\"e-con-inner\">\n\t\t\t\t<div class=\"elementor-element elementor-element-43f4dfa elementor-widget elementor-widget-text-editor\" data-id=\"43f4dfa\" data-element_type=\"widget\" data-widget_type=\"text-editor.default\">\n\t\t\t\t<div class=\"elementor-widget-container\">\n\t\t\t\t\t\t\t\t\t<p>W ofercie dla naszych Par M\u0142odych mo\u017cemy zaproponowa\u0107 opraw\u0119 muzyczn\u0105 \u015blubu ko\u015bcielnego lub cywilnego. Oferujemy nast\u0119puj\u0105ce pakiety :<\/p><ol><li>Wokalistka + skrzypce ( wsp\u00f3\u0142praca z organist\u0105 )<\/li><li>Wokalistka + wokalista + skrzypce + gitara<\/li><li>Wokalistka + wokalista + skrzypce + gitara + pianino<\/li><li>Wokalistka + wokalista + skrzypce + gitara + pianino + wiolonczela<\/li><\/ol>\t\t\t\t\t\t\t\t<\/div>\n\t\t\t\t<\/div>\n\t\t\t\t\t<\/div>\n\t\t\t\t<\/div>\n\t\t<div class=\"elementor-element elementor-element-11d3d45 e-flex e-con-boxed e-con e-parent\" data-id=\"11d3d45\" data-element_type=\"container\">\n\t\t\t\t\t<div class=\"e-con-inner\">\n\t\t\t\t<div class=\"elementor-element elementor-element-fcd2c56 elementor-widget elementor-widget-text-editor\" data-id=\"fcd2c56\" data-element_type=\"widget\" data-widget_type=\"text-editor.default\">\n\t\t\t\t<div class=\"elementor-widget-container\">\n\t\t\t\t\t\t\t\t\t<p>CENI\u0104C SOBIE KONTAKT Z NASZYMI, PRZYSZ\u0141YMI PARAMI M\u0141ODYMI, PREFERUJEMY W MIAR\u0118 MO\u017bLIWO\u015aCI SPOTKANIA OSOBISTE, JEDNAK ISTNIEJE MO\u017bLIWO\u015a\u0106 PODPISANIA UMOWY DROG\u0104 MAILOW\u0104. SZCZEG\u00d3\u0141Y DOTYCZ\u0104CE PRZEBIEGU IMPREZY, ZABAW OCZEPINOWYCH, PODZI\u0118KOWA\u0143 DLA RODZIC\u00d3W ITP. USTALAMY TELEFONICZNIE, DWA TYGODNIE PRZED \u015aLUBEM.<\/p>\t\t\t\t\t\t\t\t<\/div>\n\t\t\t\t<\/div>\n\t\t\t\t\t<\/div>\n\t\t\t\t<\/div>\n\t\t<div class=\"elementor-element elementor-element-ae564af e-flex e-con-boxed e-con e-parent\" data-id=\"ae564af\" data-element_type=\"container\">\n\t\t\t\t\t<div class=\"e-con-inner\">\n\t\t\t\t<div class=\"elementor-element elementor-element-47df5fb elementor-widget elementor-widget-text-editor\" data-id=\"47df5fb\" data-element_type=\"widget\" data-widget_type=\"text-editor.default\">\n\t\t\t\t<div class=\"elementor-widget-container\">\n\t\t\t\t\t\t\t\t\t<p>P\u0141ON\u0104CE ISKRY <br \/>CI\u0118\u017bKI DYM NA PIERWSZY TANIEC<br \/>PISTOLET CO2 <br \/>B\u0141OGOS\u0141AWIE\u0143STWO W DOMU PANNY M\u0141ODEJ <br \/>ANIMATOR DLA DZIECI<br \/>DRINK BAR <br \/>FOTOBUDKA 360<\/p>\t\t\t\t\t\t\t\t<\/div>\n\t\t\t\t<\/div>\n\t\t\t\t\t<\/div>\n\t\t\t\t<\/div>\n\t\t\t\t<\/div>\n\t\t","protected":false},"excerpt":{"rendered":"<p>Alexa &amp; Fonzy z zespo\u0142em to grupa 6 artystycznych dusz, kt\u00f3rych najwi\u0119ksz\u0105 pasj\u0105 jest muzyka. Jeste\u015bmy zespo\u0142em z wieloletnim do\u015bwiadczeniem scenicznym, wyst\u0119pujemy zar\u00f3wno w Polsce jak i za granic\u0105. Do ka\u017cdej z imprez podchodzimy indywidualnie, wykorzystujemy najwy\u017cszej jako\u015bci nag\u0142o\u015bnienie i o\u015bwietlenie, dbaj\u0105c o ka\u017cdy szczeg\u00f3\u0142. Je\u017celi szukasz zespo\u0142u, kt\u00f3ry nie ...<\/p>\n","protected":false},"author":1,"featured_media":0,"parent":801,"menu_order":3,"comment_status":"closed","ping_status":"closed","template":"page-fullwidth.php","meta":{"footnotes":""},"class_list":["post-803","page","type-page","status-publish","hentry"],"_links":{"self":[{"href":"https:\/\/projekt.netgraph.eu\/index.php?rest_route=\/wp\/v2\/pages\/803","targetHints":{"allow":["GET"]}}],"collection":[{"href":"https:\/\/projekt.netgraph.eu\/index.php?rest_route=\/wp\/v2\/pages"}],"about":[{"href":"https:\/\/projekt.netgraph.eu\/index.php?rest_route=\/wp\/v2\/types\/page"}],"author":[{"embeddable":true,"href":"https:\/\/projekt.netgraph.eu\/index.php?rest_route=\/wp\/v2\/users\/1"}],"replies":[{"embeddable":true,"href":"https:\/\/projekt.netgraph.eu\/index.php?rest_route=%2Fwp%2Fv2%2Fcomments&post=803"}],"version-history":[{"count":7,"href":"https:\/\/projekt.netgraph.eu\/index.php?rest_route=\/wp\/v2\/pages\/803\/revisions"}],"predecessor-version":[{"id":817,"href":"https:\/\/projekt.netgraph.eu\/index.php?rest_route=\/wp\/v2\/pages\/803\/revisions\/817"}],"up":[{"embeddable":true,"href":"https:\/\/projekt.netgraph.eu\/index.php?rest_route=\/wp\/v2\/pages\/801"}],"wp:attachment":[{"href":"https:\/\/projekt.netgraph.eu\/index.php?rest_route=%2Fwp%2Fv2%2Fmedia&parent=803"}],"curies":[{"name":"wp","href":"https:\/\/api.w.org\/{rel}","templated":true}]}}